{"id":17,"date":"2026-01-14T20:11:00","date_gmt":"2026-01-14T19:11:00","guid":{"rendered":"https:\/\/aureaevent.com\/?page_id=17"},"modified":"2026-03-09T10:08:46","modified_gmt":"2026-03-09T09:08:46","slug":"le-club-house","status":"publish","type":"page","link":"https:\/\/aureaevent.com\/index.php\/le-club-house\/","title":{"rendered":"LE CLUB HOUSE"},"content":{"rendered":"\n<figure class=\"wp-block-image size-large is-resized\"><img loading=\"lazy\" decoding=\"async\" width=\"1024\" height=\"1022\" src=\"https:\/\/aureaevent.com\/wp-content\/uploads\/2026\/01\/logo_fond_transparent-1024x1022.png\" alt=\"\" class=\"wp-image-21\" style=\"aspect-ratio:1.001969597495076;width:260px;height:auto\" srcset=\"https:\/\/aureaevent.com\/wp-content\/uploads\/2026\/01\/logo_fond_transparent-1024x1022.png 1024w, https:\/\/aureaevent.com\/wp-content\/uploads\/2026\/01\/logo_fond_transparent-300x300.png 300w, https:\/\/aureaevent.com\/wp-content\/uploads\/2026\/01\/logo_fond_transparent-150x150.png 150w, https:\/\/aureaevent.com\/wp-content\/uploads\/2026\/01\/logo_fond_transparent-768x767.png 768w, https:\/\/aureaevent.com\/wp-content\/uploads\/2026\/01\/logo_fond_transparent.png 1047w\" sizes=\"auto, (max-width: 1024px) 100vw, 1024px\" \/><\/figure>\n\n\n\n<p>Au c\u0153ur du golf, le Club House est une adresse ouverte \u00e0 tous, o\u00f9 l\u2019on vient autant pour le cadre que pour l\u2019ambiance. Ici, \u00e9l\u00e9gance et d\u00e9contraction se rencontrent dans un lieu lumineux, entour\u00e9 de nature.<\/p>\n\n\n\n<p>Venez d\u00e9couvrir notre lieux autour d&rsquo;un d\u00e9jeuner, d&rsquo;une pause go\u00fbter, d&rsquo;un ap\u00e9ritif&#8230;. :<\/p>\n\n\n\n<p>R\u00e9servation au : 0614436361<\/p>\n\n\n\n<p>Notre lieux vous plait? <strong>Projetez-vous<\/strong>!<\/p>\n\n\n\n<p>Votre <strong>\u00e9v\u00e8nement id\u00e9al<\/strong> peut avoir lieux ici!<\/p>\n\n\n\n<p>Nos espaces:<\/p>\n\n\n\n<ul class=\"wp-block-list\">\n<li>salle de r\u00e9union (tout \u00e9quip\u00e9e)<\/li>\n\n\n\n<li>salle de r\u00e9ception\/ restauration<\/li>\n\n\n\n<li>Terrasse ext\u00e9rieure face au green<\/li>\n<\/ul>\n\n\n\n<p>Pour l&rsquo;organisation de votre \u00e9v\u00e8nement <strong>priv\u00e9<\/strong> ou <strong>professionnel<\/strong>, contactez nous : <strong>am(@)aureaevent.com<\/strong><\/p>\n\n\n\n<hr class=\"wp-block-separator has-alpha-channel-opacity\"\/>\n\n\n\n<h2 class=\"wp-block-heading\">Horaires &amp; acc\u00e8s<\/h2>\n\n\n\n<hr class=\"wp-block-separator has-alpha-channel-opacity\"\/>\n\n\n\n<p>Nos \u00e9tablissements sont ouverts \u00e0 tous, toute l\u2019ann\u00e9e, 7 jours sur 7, de 8h30 \u00e0 18h.<br>Nous prolongeons les horaires \u00e0 l\u2019occasion des afterworks et restons disponibles sur demande pour l\u2019organisation d\u2019\u00e9v\u00e9nements priv\u00e9s ou professionnels.<\/p>\n\n\n\n<figure class=\"wp-block-gallery has-nested-images columns-default is-cropped wp-block-gallery-1 is-layout-flex wp-block-gallery-is-layout-flex\">\n<figure class=\"wp-block-image size-large\"><img loading=\"lazy\" decoding=\"async\" width=\"1024\" height=\"633\" data-id=\"68\" src=\"https:\/\/aureaevent.com\/wp-content\/uploads\/2026\/03\/Capture-decran-2026-02-18-a-12.50.24-1024x633.png\" alt=\"\" class=\"wp-image-68\" srcset=\"https:\/\/aureaevent.com\/wp-content\/uploads\/2026\/03\/Capture-decran-2026-02-18-a-12.50.24-1024x633.png 1024w, https:\/\/aureaevent.com\/wp-content\/uploads\/2026\/03\/Capture-decran-2026-02-18-a-12.50.24-300x185.png 300w, https:\/\/aureaevent.com\/wp-content\/uploads\/2026\/03\/Capture-decran-2026-02-18-a-12.50.24-768x474.png 768w, https:\/\/aureaevent.com\/wp-content\/uploads\/2026\/03\/Capture-decran-2026-02-18-a-12.50.24-200x124.png 200w, https:\/\/aureaevent.com\/wp-content\/uploads\/2026\/03\/Capture-decran-2026-02-18-a-12.50.24.png 1104w\" sizes=\"auto, (max-width: 1024px) 100vw, 1024px\" \/><\/figure>\n\n\n\n<figure class=\"wp-block-image size-large\"><img loading=\"lazy\" decoding=\"async\" width=\"879\" height=\"1024\" data-id=\"70\" src=\"https:\/\/aureaevent.com\/wp-content\/uploads\/2026\/03\/IMG_6460-1-879x1024.jpeg\" alt=\"\" class=\"wp-image-70\" srcset=\"https:\/\/aureaevent.com\/wp-content\/uploads\/2026\/03\/IMG_6460-1-879x1024.jpeg 879w, https:\/\/aureaevent.com\/wp-content\/uploads\/2026\/03\/IMG_6460-1-258x300.jpeg 258w, https:\/\/aureaevent.com\/wp-content\/uploads\/2026\/03\/IMG_6460-1-768x894.jpeg 768w, https:\/\/aureaevent.com\/wp-content\/uploads\/2026\/03\/IMG_6460-1-172x200.jpeg 172w, https:\/\/aureaevent.com\/wp-content\/uploads\/2026\/03\/IMG_6460-1-1319x1536.jpeg 1319w, https:\/\/aureaevent.com\/wp-content\/uploads\/2026\/03\/IMG_6460-1.jpeg 1374w\" sizes=\"auto, (max-width: 879px) 100vw, 879px\" \/><\/figure>\n\n\n\n<figure class=\"wp-block-image size-large\"><img loading=\"lazy\" decoding=\"async\" width=\"768\" height=\"1024\" data-id=\"73\" src=\"https:\/\/aureaevent.com\/wp-content\/uploads\/2026\/03\/IMG_6404-768x1024.jpeg\" alt=\"\" class=\"wp-image-73\" srcset=\"https:\/\/aureaevent.com\/wp-content\/uploads\/2026\/03\/IMG_6404-768x1024.jpeg 768w, https:\/\/aureaevent.com\/wp-content\/uploads\/2026\/03\/IMG_6404-225x300.jpeg 225w, https:\/\/aureaevent.com\/wp-content\/uploads\/2026\/03\/IMG_6404-150x200.jpeg 150w, https:\/\/aureaevent.com\/wp-content\/uploads\/2026\/03\/IMG_6404-1152x1536.jpeg 1152w, https:\/\/aureaevent.com\/wp-content\/uploads\/2026\/03\/IMG_6404-1536x2048.jpeg 1536w, https:\/\/aureaevent.com\/wp-content\/uploads\/2026\/03\/IMG_6404-scaled.jpeg 1920w\" sizes=\"auto, (max-width: 768px) 100vw, 768px\" \/><\/figure>\n\n\n\n<figure class=\"wp-block-image size-full\"><img loading=\"lazy\" decoding=\"async\" width=\"874\" height=\"506\" data-id=\"69\" src=\"https:\/\/aureaevent.com\/wp-content\/uploads\/2026\/03\/Capture-decran-2026-02-28-a-11.47.57.png\" alt=\"\" class=\"wp-image-69\" srcset=\"https:\/\/aureaevent.com\/wp-content\/uploads\/2026\/03\/Capture-decran-2026-02-28-a-11.47.57.png 874w, https:\/\/aureaevent.com\/wp-content\/uploads\/2026\/03\/Capture-decran-2026-02-28-a-11.47.57-300x174.png 300w, https:\/\/aureaevent.com\/wp-content\/uploads\/2026\/03\/Capture-decran-2026-02-28-a-11.47.57-768x445.png 768w, https:\/\/aureaevent.com\/wp-content\/uploads\/2026\/03\/Capture-decran-2026-02-28-a-11.47.57-200x116.png 200w\" sizes=\"auto, (max-width: 874px) 100vw, 874px\" \/><\/figure>\n\n\n\n<figure class=\"wp-block-image size-large\"><img loading=\"lazy\" decoding=\"async\" width=\"1024\" height=\"768\" data-id=\"71\" src=\"https:\/\/aureaevent.com\/wp-content\/uploads\/2026\/03\/IMG_6261-1024x768.jpeg\" alt=\"\" class=\"wp-image-71\" srcset=\"https:\/\/aureaevent.com\/wp-content\/uploads\/2026\/03\/IMG_6261-1024x768.jpeg 1024w, https:\/\/aureaevent.com\/wp-content\/uploads\/2026\/03\/IMG_6261-300x225.jpeg 300w, https:\/\/aureaevent.com\/wp-content\/uploads\/2026\/03\/IMG_6261-768x576.jpeg 768w, https:\/\/aureaevent.com\/wp-content\/uploads\/2026\/03\/IMG_6261-200x150.jpeg 200w, https:\/\/aureaevent.com\/wp-content\/uploads\/2026\/03\/IMG_6261-1536x1152.jpeg 1536w, https:\/\/aureaevent.com\/wp-content\/uploads\/2026\/03\/IMG_6261-2048x1536.jpeg 2048w\" sizes=\"auto, (max-width: 1024px) 100vw, 1024px\" \/><\/figure>\n\n\n\n<figure class=\"wp-block-image size-large\"><img loading=\"lazy\" decoding=\"async\" width=\"768\" height=\"1024\" data-id=\"72\" src=\"https:\/\/aureaevent.com\/wp-content\/uploads\/2026\/03\/IMG_6264-768x1024.jpeg\" alt=\"\" class=\"wp-image-72\" srcset=\"https:\/\/aureaevent.com\/wp-content\/uploads\/2026\/03\/IMG_6264-768x1024.jpeg 768w, https:\/\/aureaevent.com\/wp-content\/uploads\/2026\/03\/IMG_6264-225x300.jpeg 225w, https:\/\/aureaevent.com\/wp-content\/uploads\/2026\/03\/IMG_6264-150x200.jpeg 150w, https:\/\/aureaevent.com\/wp-content\/uploads\/2026\/03\/IMG_6264-1152x1536.jpeg 1152w, https:\/\/aureaevent.com\/wp-content\/uploads\/2026\/03\/IMG_6264-1536x2048.jpeg 1536w, https:\/\/aureaevent.com\/wp-content\/uploads\/2026\/03\/IMG_6264-scaled.jpeg 1920w\" sizes=\"auto, (max-width: 768px) 100vw, 768px\" \/><\/figure>\n\n\n\n<figure class=\"wp-block-image size-large\"><img loading=\"lazy\" decoding=\"async\" width=\"1024\" height=\"1024\" data-id=\"91\" src=\"https:\/\/aureaevent.com\/wp-content\/uploads\/2026\/03\/IMG_6459-1024x1024.jpeg\" alt=\"\" class=\"wp-image-91\" srcset=\"https:\/\/aureaevent.com\/wp-content\/uploads\/2026\/03\/IMG_6459-1024x1024.jpeg 1024w, https:\/\/aureaevent.com\/wp-content\/uploads\/2026\/03\/IMG_6459-300x300.jpeg 300w, https:\/\/aureaevent.com\/wp-content\/uploads\/2026\/03\/IMG_6459-150x150.jpeg 150w, https:\/\/aureaevent.com\/wp-content\/uploads\/2026\/03\/IMG_6459-768x768.jpeg 768w, https:\/\/aureaevent.com\/wp-content\/uploads\/2026\/03\/IMG_6459-200x200.jpeg 200w, https:\/\/aureaevent.com\/wp-content\/uploads\/2026\/03\/IMG_6459-1536x1536.jpeg 1536w, https:\/\/aureaevent.com\/wp-content\/uploads\/2026\/03\/IMG_6459.jpeg 2048w\" sizes=\"auto, (max-width: 1024px) 100vw, 1024px\" \/><\/figure>\n\n\n\n<figure class=\"wp-block-image size-large\"><img loading=\"lazy\" decoding=\"async\" width=\"768\" height=\"1024\" data-id=\"94\" src=\"https:\/\/aureaevent.com\/wp-content\/uploads\/2026\/03\/IMG_6451-768x1024.jpeg\" alt=\"\" class=\"wp-image-94\" srcset=\"https:\/\/aureaevent.com\/wp-content\/uploads\/2026\/03\/IMG_6451-768x1024.jpeg 768w, https:\/\/aureaevent.com\/wp-content\/uploads\/2026\/03\/IMG_6451-225x300.jpeg 225w, https:\/\/aureaevent.com\/wp-content\/uploads\/2026\/03\/IMG_6451-150x200.jpeg 150w, https:\/\/aureaevent.com\/wp-content\/uploads\/2026\/03\/IMG_6451-1152x1536.jpeg 1152w, https:\/\/aureaevent.com\/wp-content\/uploads\/2026\/03\/IMG_6451-1536x2048.jpeg 1536w, https:\/\/aureaevent.com\/wp-content\/uploads\/2026\/03\/IMG_6451-scaled.jpeg 1920w\" sizes=\"auto, (max-width: 768px) 100vw, 768px\" \/><\/figure>\n\n\n\n<figure class=\"wp-block-image size-large\"><img decoding=\"async\" data-id=\"92\" src=\"https:\/\/aureaevent.com\/wp-content\/uploads\/2026\/03\/IMG_6272.jpeg\" alt=\"\" class=\"wp-image-92\"\/><\/figure>\n\n\n\n<figure class=\"wp-block-image size-large\"><img loading=\"lazy\" decoding=\"async\" width=\"2560\" height=\"1920\" data-id=\"93\" src=\"https:\/\/aureaevent.com\/wp-content\/uploads\/2026\/03\/IMG_6438-scaled.jpeg\" alt=\"\" class=\"wp-image-93\" srcset=\"https:\/\/aureaevent.com\/wp-content\/uploads\/2026\/03\/IMG_6438-scaled.jpeg 2560w, https:\/\/aureaevent.com\/wp-content\/uploads\/2026\/03\/IMG_6438-300x225.jpeg 300w\" sizes=\"auto, (max-width: 2560px) 100vw, 2560px\" \/><\/figure>\n\n\n\n<figure class=\"wp-block-image size-large\"><img loading=\"lazy\" decoding=\"async\" width=\"1024\" height=\"768\" data-id=\"18\" src=\"https:\/\/aureaevent.com\/wp-content\/uploads\/2026\/01\/WhatsApp-Image-2025-12-08-at-11.50.27-1024x768.jpeg\" alt=\"\" class=\"wp-image-18\" srcset=\"https:\/\/aureaevent.com\/wp-content\/uploads\/2026\/01\/WhatsApp-Image-2025-12-08-at-11.50.27-1024x768.jpeg 1024w, https:\/\/aureaevent.com\/wp-content\/uploads\/2026\/01\/WhatsApp-Image-2025-12-08-at-11.50.27-300x225.jpeg 300w, https:\/\/aureaevent.com\/wp-content\/uploads\/2026\/01\/WhatsApp-Image-2025-12-08-at-11.50.27-768x576.jpeg 768w, https:\/\/aureaevent.com\/wp-content\/uploads\/2026\/01\/WhatsApp-Image-2025-12-08-at-11.50.27-1536x1152.jpeg 1536w, https:\/\/aureaevent.com\/wp-content\/uploads\/2026\/01\/WhatsApp-Image-2025-12-08-at-11.50.27.jpeg 2048w\" sizes=\"auto, (max-width: 1024px) 100vw, 1024px\" \/><\/figure>\n\n\n\n<figure class=\"wp-block-image size-large\"><img loading=\"lazy\" decoding=\"async\" width=\"1024\" height=\"768\" data-id=\"309\" src=\"https:\/\/aureaevent.com\/wp-content\/uploads\/2026\/03\/WhatsApp-Image-2026-03-09-at-10.06.16-1-1024x768.jpeg\" alt=\"\" class=\"wp-image-309\" srcset=\"https:\/\/aureaevent.com\/wp-content\/uploads\/2026\/03\/WhatsApp-Image-2026-03-09-at-10.06.16-1-1024x768.jpeg 1024w, https:\/\/aureaevent.com\/wp-content\/uploads\/2026\/03\/WhatsApp-Image-2026-03-09-at-10.06.16-1-300x225.jpeg 300w, https:\/\/aureaevent.com\/wp-content\/uploads\/2026\/03\/WhatsApp-Image-2026-03-09-at-10.06.16-1-768x576.jpeg 768w, https:\/\/aureaevent.com\/wp-content\/uploads\/2026\/03\/WhatsApp-Image-2026-03-09-at-10.06.16-1-1536x1152.jpeg 1536w, https:\/\/aureaevent.com\/wp-content\/uploads\/2026\/03\/WhatsApp-Image-2026-03-09-at-10.06.16-1-80x60.jpeg 80w, https:\/\/aureaevent.com\/wp-content\/uploads\/2026\/03\/WhatsApp-Image-2026-03-09-at-10.06.16-1.jpeg 2048w\" sizes=\"auto, (max-width: 1024px) 100vw, 1024px\" \/><\/figure>\n<\/figure>\n\n\n\n<p><strong>Adresse<\/strong> : 16008 Route Imp\u00e9riale, 17450, Saint Laurent de la Pr\u00e9e. <\/p>\n\n\n\n<ul class=\"wp-block-social-links is-layout-flex wp-block-social-links-is-layout-flex\"><li class=\"wp-social-link wp-social-link-instagram  wp-block-social-link\"><a href=\"https:\/\/www.instagram.com\/leclubhouse_17\/\" class=\"wp-block-social-link-anchor\"><svg width=\"24\" height=\"24\" viewBox=\"0 0 24 24\" version=\"1.1\" xmlns=\"http:\/\/www.w3.org\/2000\/svg\" aria-hidden=\"true\" focusable=\"false\"><path d=\"M12,4.622c2.403,0,2.688,0.009,3.637,0.052c0.877,0.04,1.354,0.187,1.671,0.31c0.42,0.163,0.72,0.358,1.035,0.673 c0.315,0.315,0.51,0.615,0.673,1.035c0.123,0.317,0.27,0.794,0.31,1.671c0.043,0.949,0.052,1.234,0.052,3.637 s-0.009,2.688-0.052,3.637c-0.04,0.877-0.187,1.354-0.31,1.671c-0.163,0.42-0.358,0.72-0.673,1.035 c-0.315,0.315-0.615,0.51-1.035,0.673c-0.317,0.123-0.794,0.27-1.671,0.31c-0.949,0.043-1.233,0.052-3.637,0.052 s-2.688-0.009-3.637-0.052c-0.877-0.04-1.354-0.187-1.671-0.31c-0.42-0.163-0.72-0.358-1.035-0.673 c-0.315-0.315-0.51-0.615-0.673-1.035c-0.123-0.317-0.27-0.794-0.31-1.671C4.631,14.688,4.622,14.403,4.622,12 s0.009-2.688,0.052-3.637c0.04-0.877,0.187-1.354,0.31-1.671c0.163-0.42,0.358-0.72,0.673-1.035 c0.315-0.315,0.615-0.51,1.035-0.673c0.317-0.123,0.794-0.27,1.671-0.31C9.312,4.631,9.597,4.622,12,4.622 M12,3 C9.556,3,9.249,3.01,8.289,3.054C7.331,3.098,6.677,3.25,6.105,3.472C5.513,3.702,5.011,4.01,4.511,4.511 c-0.5,0.5-0.808,1.002-1.038,1.594C3.25,6.677,3.098,7.331,3.054,8.289C3.01,9.249,3,9.556,3,12c0,2.444,0.01,2.751,0.054,3.711 c0.044,0.958,0.196,1.612,0.418,2.185c0.23,0.592,0.538,1.094,1.038,1.594c0.5,0.5,1.002,0.808,1.594,1.038 c0.572,0.222,1.227,0.375,2.185,0.418C9.249,20.99,9.556,21,12,21s2.751-0.01,3.711-0.054c0.958-0.044,1.612-0.196,2.185-0.418 c0.592-0.23,1.094-0.538,1.594-1.038c0.5-0.5,0.808-1.002,1.038-1.594c0.222-0.572,0.375-1.227,0.418-2.185 C20.99,14.751,21,14.444,21,12s-0.01-2.751-0.054-3.711c-0.044-0.958-0.196-1.612-0.418-2.185c-0.23-0.592-0.538-1.094-1.038-1.594 c-0.5-0.5-1.002-0.808-1.594-1.038c-0.572-0.222-1.227-0.375-2.185-0.418C14.751,3.01,14.444,3,12,3L12,3z M12,7.378 c-2.552,0-4.622,2.069-4.622,4.622S9.448,16.622,12,16.622s4.622-2.069,4.622-4.622S14.552,7.378,12,7.378z M12,15 c-1.657,0-3-1.343-3-3s1.343-3,3-3s3,1.343,3,3S13.657,15,12,15z M16.804,6.116c-0.596,0-1.08,0.484-1.08,1.08 s0.484,1.08,1.08,1.08c0.596,0,1.08-0.484,1.08-1.08S17.401,6.116,16.804,6.116z\"><\/path><\/svg><span class=\"wp-block-social-link-label screen-reader-text\">Instagram<\/span><\/a><\/li>\n\n<li class=\"wp-social-link wp-social-link-facebook  wp-block-social-link\"><a href=\"https:\/\/www.facebook.com\/profile.php?id=61585936064903\" class=\"wp-block-social-link-anchor\"><svg width=\"24\" height=\"24\" viewBox=\"0 0 24 24\" version=\"1.1\" xmlns=\"http:\/\/www.w3.org\/2000\/svg\" aria-hidden=\"true\" focusable=\"false\"><path d=\"M12 2C6.5 2 2 6.5 2 12c0 5 3.7 9.1 8.4 9.9v-7H7.9V12h2.5V9.8c0-2.5 1.5-3.9 3.8-3.9 1.1 0 2.2.2 2.2.2v2.5h-1.3c-1.2 0-1.6.8-1.6 1.6V12h2.8l-.4 2.9h-2.3v7C18.3 21.1 22 17 22 12c0-5.5-4.5-10-10-10z\"><\/path><\/svg><span class=\"wp-block-social-link-label screen-reader-text\">Facebook<\/span><\/a><\/li><\/ul>\n\n\n\n<p><\/p>\n","protected":false},"excerpt":{"rendered":"<p>Au c\u0153ur du golf, le Club House est une adresse ouverte \u00e0 tous, o\u00f9 l\u2019on vient autant pour le cadre que pour l\u2019ambiance. Ici, \u00e9l\u00e9gance et d\u00e9contraction se rencontrent dans un lieu lumineux, entour\u00e9 de nature. Venez d\u00e9couvrir notre lieux autour d&rsquo;un d\u00e9jeuner, d&rsquo;une pause go\u00fbter, d&rsquo;un ap\u00e9ritif&#8230;. : R\u00e9servation au : 0614436361 Notre lieux vous plait? Projetez-vous! Votre \u00e9v\u00e8nement [&hellip;]<\/p>\n","protected":false},"author":1,"featured_media":0,"parent":0,"menu_order":0,"comment_status":"closed","ping_status":"closed","template":"","meta":{"_price":"","_stock":"","_tribe_ticket_header":"","_tribe_default_ticket_provider":"","_ticket_start_date":"","_ticket_end_date":"","_tribe_ticket_show_description":"","_tribe_ticket_show_not_going":false,"_tribe_ticket_use_global_stock":"","_tribe_ticket_global_stock_level":"","_global_stock_mode":"","_global_stock_cap":"","_tribe_rsvp_for_event":"","_tribe_ticket_going_count":"","_tribe_ticket_not_going_count":"","_tribe_tickets_list":"[]","_tribe_ticket_has_attendee_info_fields":false,"footnotes":"","_tec_slr_enabled":"","_tec_slr_layout":""},"class_list":["post-17","page","type-page","status-publish","hentry"],"ticketed":false,"_links":{"self":[{"href":"https:\/\/aureaevent.com\/index.php\/wp-json\/wp\/v2\/pages\/17","targetHints":{"allow":["GET"]}}],"collection":[{"href":"https:\/\/aureaevent.com\/index.php\/wp-json\/wp\/v2\/pages"}],"about":[{"href":"https:\/\/aureaevent.com\/index.php\/wp-json\/wp\/v2\/types\/page"}],"author":[{"embeddable":true,"href":"https:\/\/aureaevent.com\/index.php\/wp-json\/wp\/v2\/users\/1"}],"replies":[{"embeddable":true,"href":"https:\/\/aureaevent.com\/index.php\/wp-json\/wp\/v2\/comments?post=17"}],"version-history":[{"count":13,"href":"https:\/\/aureaevent.com\/index.php\/wp-json\/wp\/v2\/pages\/17\/revisions"}],"predecessor-version":[{"id":310,"href":"https:\/\/aureaevent.com\/index.php\/wp-json\/wp\/v2\/pages\/17\/revisions\/310"}],"wp:attachment":[{"href":"https:\/\/aureaevent.com\/index.php\/wp-json\/wp\/v2\/media?parent=17"}],"curies":[{"name":"wp","href":"https:\/\/api.w.org\/{rel}","templated":true}]}}