{"id":199,"date":"2026-03-04T22:16:29","date_gmt":"2026-03-04T21:16:29","guid":{"rendered":"https:\/\/aureaevent.com\/?page_id=199"},"modified":"2026-03-07T14:13:21","modified_gmt":"2026-03-07T13:13:21","slug":"lequipe","status":"publish","type":"page","link":"http:\/\/aureaevent.com\/index.php\/lequipe\/","title":{"rendered":"L&rsquo;EQUIPE"},"content":{"rendered":"\n<p>AURIANE MONGELLAZ (organisation et coordination des \u00e9v\u00e8nements)<\/p>\n\n\n\n<p>THOMAS ANSO (gestion et comptabilit\u00e9)<\/p>\n\n\n\n<p>L&rsquo;\u00c9QUIPE DU BEACH CLUB (op\u00e9rationnels jour J)<\/p>\n\n\n\n<p>L&rsquo;\u00c9QUIPE DU CLUB HOUSE (op\u00e9rationnels jour J)<\/p>\n\n\n\n<div class=\"wp-block-media-text is-stacked-on-mobile\"><figure class=\"wp-block-media-text__media\"><\/figure><div class=\"wp-block-media-text__content\">\n<p><\/p>\n<\/div><\/div>\n","protected":false},"excerpt":{"rendered":"<p>AURIANE MONGELLAZ (organisation et coordination des \u00e9v\u00e8nements) THOMAS ANSO (gestion et comptabilit\u00e9) L&rsquo;\u00c9QUIPE DU BEACH CLUB (op\u00e9rationnels jour J) L&rsquo;\u00c9QUIPE DU CLUB HOUSE (op\u00e9rationnels jour J)<\/p>\n","protected":false},"author":1,"featured_media":0,"parent":0,"menu_order":0,"comment_status":"closed","ping_status":"closed","template":"","meta":{"_price":"","_stock":"","_tribe_ticket_header":"","_tribe_default_ticket_provider":"","_ticket_start_date":"","_ticket_end_date":"","_tribe_ticket_show_description":"","_tribe_ticket_show_not_going":false,"_tribe_ticket_use_global_stock":"","_tribe_ticket_global_stock_level":"","_global_stock_mode":"","_global_stock_cap":"","_tribe_rsvp_for_event":"","_tribe_ticket_going_count":"","_tribe_ticket_not_going_count":"","_tribe_tickets_list":"[]","_tribe_ticket_has_attendee_info_fields":false,"footnotes":"","_tec_slr_enabled":"","_tec_slr_layout":""},"class_list":["post-199","page","type-page","status-publish","hentry"],"ticketed":false,"_links":{"self":[{"href":"http:\/\/aureaevent.com\/index.php\/wp-json\/wp\/v2\/pages\/199","targetHints":{"allow":["GET"]}}],"collection":[{"href":"http:\/\/aureaevent.com\/index.php\/wp-json\/wp\/v2\/pages"}],"about":[{"href":"http:\/\/aureaevent.com\/index.php\/wp-json\/wp\/v2\/types\/page"}],"author":[{"embeddable":true,"href":"http:\/\/aureaevent.com\/index.php\/wp-json\/wp\/v2\/users\/1"}],"replies":[{"embeddable":true,"href":"http:\/\/aureaevent.com\/index.php\/wp-json\/wp\/v2\/comments?post=199"}],"version-history":[{"count":3,"href":"http:\/\/aureaevent.com\/index.php\/wp-json\/wp\/v2\/pages\/199\/revisions"}],"predecessor-version":[{"id":259,"href":"http:\/\/aureaevent.com\/index.php\/wp-json\/wp\/v2\/pages\/199\/revisions\/259"}],"wp:attachment":[{"href":"http:\/\/aureaevent.com\/index.php\/wp-json\/wp\/v2\/media?parent=199"}],"curies":[{"name":"wp","href":"https:\/\/api.w.org\/{rel}","templated":true}]}}