{"id":168,"date":"2026-03-04T21:45:44","date_gmt":"2026-03-04T20:45:44","guid":{"rendered":"https:\/\/aureaevent.com\/?page_id=168"},"modified":"2026-03-04T21:45:44","modified_gmt":"2026-03-04T20:45:44","slug":"restaurant","status":"publish","type":"page","link":"http:\/\/aureaevent.com\/index.php\/restaurant\/","title":{"rendered":"RESTAURANT"},"content":{"rendered":"\n<h4 class=\"wp-block-heading\"><strong>LE BEACH CLUB (Fouras)<\/strong><\/h4>\n\n\n\n<p><strong>La Terrasse au Bord de l\u2019Eau.<\/strong>&nbsp;C\u2019est le spot id\u00e9al pour d\u00e9connecter. Le Beach Club Les Bains, c\u2019est l\u2019endroit id\u00e9al pour c\u00e9l\u00e9brer, se r\u00e9unir et profiter face \u00e0 l\u2019oc\u00e9an. Priv\u00e9 ou professionnel, chaque \u00e9v\u00e9nement y prend un air de vacances.<\/p>\n\n\n\n<p><strong>[<a href=\"https:\/\/aureaevent.com\/index.php\/le-beach-club-les-bains\/\">Voir le restaurant<\/a>&nbsp;]<\/strong><\/p>\n\n\n\n<h4 class=\"wp-block-heading\"><strong>LE CLUB HOUSE (Saint Laurent de la Pr\u00e9e)<\/strong><\/h4>\n\n\n\n<p><strong>Le Jeu et la D\u00e9tente.<\/strong>&nbsp;Bien plus qu\u2019une simple \u00e9tape, le Club House, c\u2019est une parenth\u00e8se au vert pour se r\u00e9unir autrement. Un lieu serein et convivial, id\u00e9al pour partager des moments simples et pr\u00e9cieux, pour vos \u00e9v\u00e8nements priv\u00e9s et professionnels.&nbsp;<strong>[&nbsp;<a href=\"https:\/\/aureaevent.com\/index.php\/le-club-house\/\">Voir le restaurant<\/a>&nbsp;]<\/strong><\/p>\n\n\n\n<hr class=\"wp-block-separator has-alpha-channel-opacity\"\/>\n\n\n\n<h3 class=\"wp-block-heading\"><strong>Vos \u00c9v\u00e9nements&nbsp;<\/strong>(Le service d\u2019Auriane)<\/h3>\n\n\n\n<hr class=\"wp-block-separator has-alpha-channel-opacity\"\/>\n\n\n\n<h3 class=\"wp-block-heading\"><strong>NOUS ORGANISONS, VOUS PROFITEZ.<\/strong><\/h3>\n\n\n\n<p>Que vous soyez&nbsp;<strong>10 ou 500<\/strong>, on s\u2019occupe de tout. On&nbsp;<strong>privatise<\/strong>&nbsp;nos espaces pour&nbsp;<strong>vos moments importants.<\/strong><\/p>\n\n\n\n<hr class=\"wp-block-separator has-alpha-channel-opacity\"\/>\n\n\n\n<p><strong>Priv\u00e9 :<\/strong>&nbsp;Mariages, anniversaires, r\u00e9unions de famille.<\/p>\n","protected":false},"excerpt":{"rendered":"<p>LE BEACH CLUB (Fouras) La Terrasse au Bord de l\u2019Eau.&nbsp;C\u2019est le spot id\u00e9al pour d\u00e9connecter. Le Beach Club Les Bains, c\u2019est l\u2019endroit id\u00e9al pour c\u00e9l\u00e9brer, se r\u00e9unir et profiter face \u00e0 l\u2019oc\u00e9an. Priv\u00e9 ou professionnel, chaque \u00e9v\u00e9nement y prend un air de vacances. [Voir le restaurant&nbsp;] LE CLUB HOUSE (Saint Laurent de la Pr\u00e9e) Le Jeu et la D\u00e9tente.&nbsp;Bien plus [&hellip;]<\/p>\n","protected":false},"author":1,"featured_media":0,"parent":0,"menu_order":0,"comment_status":"closed","ping_status":"closed","template":"","meta":{"_price":"","_stock":"","_tribe_ticket_header":"","_tribe_default_ticket_provider":"","_ticket_start_date":"","_ticket_end_date":"","_tribe_ticket_show_description":"","_tribe_ticket_show_not_going":false,"_tribe_ticket_use_global_stock":"","_tribe_ticket_global_stock_level":"","_global_stock_mode":"","_global_stock_cap":"","_tribe_rsvp_for_event":"","_tribe_ticket_going_count":"","_tribe_ticket_not_going_count":"","_tribe_tickets_list":"[]","_tribe_ticket_has_attendee_info_fields":false,"footnotes":"","_tec_slr_enabled":"","_tec_slr_layout":""},"class_list":["post-168","page","type-page","status-publish","hentry"],"ticketed":false,"_links":{"self":[{"href":"http:\/\/aureaevent.com\/index.php\/wp-json\/wp\/v2\/pages\/168","targetHints":{"allow":["GET"]}}],"collection":[{"href":"http:\/\/aureaevent.com\/index.php\/wp-json\/wp\/v2\/pages"}],"about":[{"href":"http:\/\/aureaevent.com\/index.php\/wp-json\/wp\/v2\/types\/page"}],"author":[{"embeddable":true,"href":"http:\/\/aureaevent.com\/index.php\/wp-json\/wp\/v2\/users\/1"}],"replies":[{"embeddable":true,"href":"http:\/\/aureaevent.com\/index.php\/wp-json\/wp\/v2\/comments?post=168"}],"version-history":[{"count":1,"href":"http:\/\/aureaevent.com\/index.php\/wp-json\/wp\/v2\/pages\/168\/revisions"}],"predecessor-version":[{"id":169,"href":"http:\/\/aureaevent.com\/index.php\/wp-json\/wp\/v2\/pages\/168\/revisions\/169"}],"wp:attachment":[{"href":"http:\/\/aureaevent.com\/index.php\/wp-json\/wp\/v2\/media?parent=168"}],"curies":[{"name":"wp","href":"https:\/\/api.w.org\/{rel}","templated":true}]}}